{"id":10936,"date":"2015-10-19T11:07:38","date_gmt":"2015-10-19T11:07:38","guid":{"rendered":"http:\/\/www.charter-in-croatia.com\/it\/explore\/marinas-in-croatia\/"},"modified":"2026-01-28T12:04:23","modified_gmt":"2026-01-28T12:04:23","slug":"charter-basi-croazia","status":"publish","type":"page","link":"https:\/\/charter-in-croatia.com\/it\/charter-basi-croazia\/","title":{"rendered":"Porti turistici e marine in Croazia \u2013 Basi charter lungo la costa adriatica"},"content":{"rendered":"<p>La <strong>Croazia<\/strong> \u00e8 una delle destinazioni pi\u00f9 richieste in Europa per la vela e il <strong>noleggio barche<\/strong> e<strong> yacht in Croazia<\/strong>, grazie a una rete estesa di porti turistici moderni, sicuri e ben protetti distribuiti lungo tutta la costa adriatica. Dall\u2019Istria a nord fino a Dubrovnik a sud, numerose marine offrono ormeggi attrezzati, servizi completi e ottime <strong>basi charter<\/strong> sia per il charter nautico sia per i diportisti privati.<br \/>\nOggi la Croazia conta oltre 80 porti turistici e strutture nautiche, garantendo soluzioni di ormeggio affidabili in tutte le principali aree di navigazione. Tra queste, la catena ACI Marina (Adriatic Croatia International Club) gestisce 22 marine lungo la costa ed \u00e8 riconosciuta per l\u2019elevata qualit\u00e0 dei servizi e per infrastrutture moderne e ben organizzate.<br \/>\nLe marine croate rappresentano il punto di partenza ideale per ogni tipo di charter nautico. Sono disponibili imbarcazioni di ogni categoria, tra cui <strong>barche a vela<\/strong>, <strong>catamarani, yacht a motore<\/strong>, <strong>caicchi veliere, e yacht di lusso con equipaggio<\/strong>. Con decine di migliaia di ormeggi in mare e posti barca a terra, le marine assicurano condizioni sicure e confortevoli per l\u2019ormeggio.<br \/>\nGrazie alla costa estremamente frastagliata e a oltre mille isole, i navigatori possono esplorare facilmente citt\u00e0 storiche, baie tranquille e destinazioni famose come <strong>Split, Hvar, Bra\u010d, Kor\u010dula e Dubrovnik.<\/strong> Sebbene l\u2019ancoraggio in calette isolate sia sempre possibile, sostare in marina offre maggiore sicurezza e comfort, con accesso a ristoranti, bar, negozi, parcheggi, servizi di approvvigionamento e assistenza tecnica.<br \/>\nBen collegate tramite aeroporti internazionali, autostrade e linee marittime, le marine croate sono facili da raggiungere e rappresentano la base ideale per scoprire le bellezze naturali e il patrimonio culturale dell\u2019Adriatico. Che si tratti di un bareboat charter, di una vacanza in barca con equipaggio o di una crociera costiera rilassante, la Croazia offre infrastrutture nautiche affidabili e alcune delle migliori condizioni di navigazione del Mediterraneo.<\/p>\n","protected":false},"excerpt":{"rendered":"<p>Marine in Croazia<\/p>\n","protected":false},"author":3,"featured_media":8905,"parent":0,"menu_order":14,"comment_status":"closed","ping_status":"closed","template":"tpl-marines.php","meta":{"_acf_changed":false,"footnotes":""},"class_list":["post-10936","page","type-page","status-publish","has-post-thumbnail","hentry"],"acf":[],"aioseo_notices":[],"_links":{"self":[{"href":"https:\/\/charter-in-croatia.com\/it\/wp-json\/wp\/v2\/pages\/10936","targetHints":{"allow":["GET"]}}],"collection":[{"href":"https:\/\/charter-in-croatia.com\/it\/wp-json\/wp\/v2\/pages"}],"about":[{"href":"https:\/\/charter-in-croatia.com\/it\/wp-json\/wp\/v2\/types\/page"}],"author":[{"embeddable":true,"href":"https:\/\/charter-in-croatia.com\/it\/wp-json\/wp\/v2\/users\/3"}],"replies":[{"embeddable":true,"href":"https:\/\/charter-in-croatia.com\/it\/wp-json\/wp\/v2\/comments?post=10936"}],"version-history":[{"count":0,"href":"https:\/\/charter-in-croatia.com\/it\/wp-json\/wp\/v2\/pages\/10936\/revisions"}],"wp:featuredmedia":[{"embeddable":true,"href":"https:\/\/charter-in-croatia.com\/it\/wp-json\/wp\/v2\/media\/8905"}],"wp:attachment":[{"href":"https:\/\/charter-in-croatia.com\/it\/wp-json\/wp\/v2\/media?parent=10936"}],"curies":[{"name":"wp","href":"https:\/\/api.w.org\/{rel}","templated":true}]}}