{"id":14676,"date":"2015-02-04T07:19:16","date_gmt":"2015-02-04T07:19:16","guid":{"rendered":"http:\/\/www.charter-in-croatia.com\/it\/frequently-asked-questions\/"},"modified":"2022-11-05T17:12:27","modified_gmt":"2022-11-05T17:12:27","slug":"domande-frequenti","status":"publish","type":"page","link":"https:\/\/charter-in-croatia.com\/it\/domande-frequenti\/","title":{"rendered":"Domande Frequenti &#8211; Charter Croazia"},"content":{"rendered":"<h3><span style=\"color: #ad8818;\">Domande Frequenti\u00a0 &#8211; Charter in Croazia<\/span><\/h3>\n<p>Qui ci sono presentate le domande frequenti sul noleggio barche in Croazia. Le informazioni seguenti vi possono aiutare con le vostre domande oppure con la ricerca dello yacht. Scorrete verso il basso e scoprite le risposte gi\u00e0 presenti e se non trovate riscontri ai vostri dubbi, non esitate a contattarci per ulteriori informazioni.<\/p>\n<h3>Come scegliere la giusta imbarcazione?<\/h3>\n<p>Il tipo di imbarcazione che decidete di noleggiare dipende completamente dalle vostre preferenze personali. La nostra offerta racchiude una gran selezione di barche a vela, catamarani, barche a motore, caicchi, velieri e imbarcazioni per cabin charter. Barche a vela sono la scelta ideale per le vacanze in famiglia o con il gruppo di amici mentre i catamarani offrono pi\u00f9 spazio e comfort a bordo. Per gli amanti della velocit\u00e0 ed avventura consigliamo noleggio barche a motore mentre i caicchi tendono ad offrire un\u2019esperienza piuttosto autentica e si noleggiano con l\u2019equipaggio al completo. Noleggio alla cabina, dall\u2019altra parte, \u00e8 perfetto per coppie e coloro che non vorrebbero noleggiare l\u2019intera barca in esclusiva. Per assicurarsi che la barca \u00e8 adibita a vostre esigenze, tenete conto dello seguente: il numero dei passeggeri a bordo, se richiedete pi\u00f9 spazio e comfort durante il vostro soggiorno e se volete prendere uno skipper professionista (in questo caso bisogna notare che lo skipper deve avere la cabina propria).<\/p>\n<h3>Qual \u00e8 la procedura di prenotazione e quale forme di pagamento sono accettate?<\/h3>\n<p>Una volta scelta l\u2019imbarcazione ottimale, possiamo mettere la barca sotto l\u2019opzione temporanea per permettervi di organizzare tutti i dettagli del vostro viaggio (l\u2019acquisto dei biglietti aerei, l\u2019organizzazione del trasferimento, ecc.). La vostra prenotazione del noleggio diventa confermata al momento del pagamento ricevuto e del contratto e delle condizioni generali firmati. Il pagamento del noleggio generalmente viene effettuato nel modo seguente: il 50% del saldo \u00e8 normalmente previsto al momento della prenotazione (se non diversamente indicato sul contratto) mentre il restante dovrebbe essere effettuato 30-60 giorni prima dell\u2019inizio del noleggio. I pagamenti dovranno essere effettuati mediante il bonifico bancario.<\/p>\n<h3>Che cosa \u00e8 noleggio barca senza equipaggio?<\/h3>\n<p>Noleggio barca senza equipaggio si riferisce all\u2019affitto della barca senza lo skipper e senza l\u2019equipaggio. Questo significa che sarete proprio voi responsabili per la gestione della barca e tutti gli altri aspetti della navigazione. Per questo motivo, \u00e8 molto importante avere la patente nautica insieme alla patente per l&#8217;uso del VHF e l\u2019esperienza precedente di navigazione. Per ulteriori informazioni sul noleggio barca senza equipaggio, per favore clicca qui.<\/p>\n<h3>Che cosa \u00e8 il noleggio barca con equipaggio al completo?<\/h3>\n<p>Noleggio barca con l\u2019equipaggio al completo significa noleggiare una barca con l\u2019equipaggio fisso a bordo che prender\u00e0 cura della navigazione e degli ospiti. L\u2019equipaggio normalmente comprende il capitano, l\u2019hostess, il guardiano e il meccanico. Qui scoprite pi\u00f9 sul noleggio barca senza equipaggio.<\/p>\n<h3>Che cosa \u00e8 compreso nel prezzo del noleggio?<\/h3>\n<p>Il prezzo del noleggio comprende l\u2019affitto della barca, tutte le dotazioni tecniche e le regolamentari dotazioni di sicurezza, il gommone e le lenzuola. Comunque, ci sono delle tasse obbligatorie come per esempio la tassa di soggiorno e la pulizia finale\/transit log che si devono pagare al momento dell\u2019imbarcazione. L\u2019attrezzatura aggiuntiva come il fuoribordo, lo spinnaker, il gennaker, la rete di sicurezza e l\u2019attrezzatura da snorkeling sono esclusi dal prezzo del noleggio e vengono ordinati su richiesta. Quando noleggiate caicchi, velieri e yacht a motore, tenete presente che la cambusa, la tassa di soggiorno e le tasse portuali generalmente non sono compresi nel prezzo del noleggio. La tariffa dell\u2019imbarcazione \u00e8 basata sul numero delle settimane di noleggio e non varia secondo il numero dei passeggeri a bordo. Tuttavia, ogni imbarcazione possiede il numero massimo delle persone a bordo a seconda delle dimensioni della barca.<\/p>\n<h3>C\u2019\u00e8 bisogno di una patente per noleggiare una barca senza skipper?<\/h3>\n<p>Si, se volete noleggiare una barca senza skipper, \u00e8 necessario che almeno un membro del vostro equipaggio abbia la patente nautica internazionale insieme al certificato VHF in corso di validit\u00e0. Dopo la conferma della prenotazione, sarete pregati di inviarci la copia della vostre patenti. Se avete dubbi rispetto la validit\u00e0 di vostra patente, ne potete inviarci la copia e cos\u00ec noi possiamo verificarla con le autorit\u00e0 o potete semplicemente scaricare il pdf con l\u2019elenco delle patenti nautiche autorizzate dal Ministero degli affari marittimi, turismo, trasporti e sviluppo in Croazia. Non preoccupatevi se non avete la patente, potete sempre prendere lo skipper esperto e godere ogni momento della vostra vacanza in barca in Croazia.<\/p>\n<h3>Sono obbligato di prendere uno skipper professionista?<\/h3>\n<p>L\u2019impiego di uno skipper professionista \u00e8 obbligatorio se siete sprovvisti della patente nautica e non avete nessun\u2019esperienza di navigazione. Se siete in grado di comandare una barca ma non vi sentite proprio sicuri, sarebbe sempre meglio prendere lo skipper esperto. La presenza dello skipper a bordo ha tantissimi vantaggi; lo skipper vi pu\u00f2 insegnare qualcosa di nuovo sulla navigazione, pu\u00f2 portarvi verso le baie e le spiagge appartate, suggerire i migliori ristoranti in area e prima di tutto, permettervi di avere una vacanza in barca senza preoccupazioni.<\/p>\n<h3>Sono obbligato di fornire il cibo allo skipper? Devo fare cambusa anche per lo skipper?<\/h3>\n<p>Si, quando si prende uno skipper o una hostess, accettate di fornire il cibo per tutti i membri dell\u2019equipaggio professionale, sia preparando i pasti al bordo o mangiando ai ristoranti. Comunque, sui caicchi, mega yacht e anche barche a vela dei certi dimensioni, i costi dell\u2019equipaggio sono gi\u00e0 inclusi nel prezzo del noleggio.<\/p>\n<h3>Dove dorme lo skipper?<\/h3>\n<p>Considerando che lo skipper \u00e8 responsabile della navigazione e della sicurezza di tutti i passeggeri a bordo, dovrebbe essere riposato e perci\u00f2 raccomandiamo che lui ha la cabina propria. Per stesso motivo sarebbe una buona idea di noleggiare la barca con il sufficiente numero delle cabine per tutti a bordo. Comunque, lo skipper pu\u00f2 mettersi d\u2019accordo con gli ospiti di dormire nel salone (se c\u2019\u00e8 una cuccetta) ma \u00e8 sempre meglio che lo skipper abbia la propria cabina.<\/p>\n<h3>\u00c8 incluso il servizio dello skipper nel prezzo di noleggio?<\/h3>\n<p>No, il servizio dello skipper non \u00e8 incluso nel prezzo di noleggio e viene pagato separatamente.<\/p>\n<h3>Qual \u00e8 la tipica durata di un noleggio barca? Occorre sempre noleggiare per una settimana?<\/h3>\n<p>Tutte le imbarcazioni possono essere noleggiate per una o pi\u00f9 settimane, da sabato a sabato. Questo specialmente vale per il periodo di alta stagione (dalla fine di maggio fino \u00a0la met\u00e0 di settembre) quando la maggior parte delle charter settimane \u00e8 prenotato in anticipo. Possiamo fare alcune eccezioni nel periodo di bassa stagione (in aprile, maggio, ottobre) quando il prezzo del noleggio sar\u00e0 probabilmente calcolato su base di giorni trascorsi a bordo invece dell\u2019 intera charter settimana.<\/p>\n<h3>A che ora sono previsti l\u2019imbarco e sbarco?<\/h3>\n<p>L\u2019imbarco \u00e8 previsto sabato tra le 4 e 6 nel pomeriggio. La barca deve essere completamente pulita dentro e fuori affinch\u00e9 i nuovi ospiti possano imbarcarsi. Al momento dell\u2019imbarcazione, il nostro personale vi spiegher\u00e0 brevemente come funzionano gli strumenti e tutte le dotazioni tecniche a bordo. Ritorno barca alla marina \u00e8 richiesto venerd\u00ec pomeriggio con il pernottamento a bordo. Lo sbarco \u00e8 al sabato fino alle 9 in mattina dopo la procedura di check-out.<\/p>\n<h3>\u00c8 possibile l\u2019imbarco anteriore?<\/h3>\n<p>Se prevedete di arrivare alla marina al di fuori degli orari del check-in (per esempio, sabato mattina), siete pregati di contattarci in anticipo per poter organizzare un imbarco anteriore se possibile. Tuttavia, un imbarco anteriore non si pu\u00f2 garantire ma sarebbe possibile se la barca sar\u00e0 pronta e pulita prima dell\u2019orario previsto. Nel caso che pianifichiate di arrivare venerd\u00ec, non esitate di contattarci e saremo lieti di aiutarvi trovare l\u2019accomodazione adatta.<\/p>\n<h3>Qual \u00e8 il costo delle tasse portuali e gli ormeggi nelle marine?<\/h3>\n<p>Il costo delle tasse portuali dipende dalla dimensione della barca e varia a seconda del marina. Il costo oscilla da 50 a 70 EURO per una barca di 45 piedi. Inoltre, il costo di ormeggio per i catamarani tende di essere duplice rispetto alle imbarcazioni monoscafi delle stesse dimensioni.\u00a0 Se avete gi\u00e0 scelto l\u2019itinerario della vostra crociera, potete facilmente trovare listino prezzi sui siti ufficiali di marina. Naturalmente, potete sempre ormeggiare in rada e in baie secluse.<\/p>\n<h3>Dove ormeggiare?<\/h3>\n<p>Se noleggiate la barca con lo skipper o l\u2019equipaggio, il capitano sicuramente sapr\u00e0 portarvi verso le baie secluse dove \u00e8 possibile ancorare. Dall\u2019altra parte, se noleggiate senza skipper o equipaggio, vi consigliamo di ormeggiare in un porto o un marina, specialmente se non conoscete bene la zona nautica. Tenete sempre presente che ci possono essere luoghi dove gettare l\u2019ancora \u00e8 pericoloso. Se decidete di ancorare in rada assicuratevi di avere una scorta sufficiente di cibo, acqua ed elettricit\u00e0. Considerando per\u00f2 che i marina sono protette dal vento e maltempo, l\u2019ormeggio in marina \u00e8 anche pi\u00f9 sicuro.<\/p>\n<h3>\u00c8 possibile prenotare l\u2019ormeggio in marina in anticipo?<\/h3>\n<p>Si, \u00e8 possibile prenotare l\u2019ormeggio in alcune marina in Croazia. Non \u00e8 difficile per niente di trovare l\u2019ormeggio in stagione bassa ma potrebbe essere problematico in alta stagione (particolarmente in luglio ed agosto) e perci\u00f2 \u00e8 importante tornare a marina in tempo (nel primo pomeriggio).<\/p>\n<h3>Dove posso parcheggiare la macchina all\u2019arrivo nel marina?<\/h3>\n<p>Tutti marina in Croazia hanno il parcheggio custodito per i suoi ospiti. Non c\u2019\u00e8 bisogno di prenotare il posto di parcheggio in anticipo perch\u00e9 marina offre abbastanza posti di parcheggio. Il prezzo \u00e8 circa 45 Euro per la settimana ma il prezzo pu\u00f2 oscillare a seconda del marina. Il parcheggio \u00e8 vigilato dal personale del marina.<\/p>\n<h3>Cosa devo mettere in valigia per la vacanza in crociera?<\/h3>\n<p>Si consiglia di portare l\u2019abbigliamento piuttosto pratico ed leggero (nei mesi estivi abiti in cotone, costume da bagno, ecc.). \u00c8 buona norma avere le scarpe da utilizzare esclusivamente sulla barca. \u00c8 anche consigliabile di portare la crema di protezione solare, le medicine, gli antibiotici, i rimedi contro le zanzare ed altri insetti, e se soffrite il mal di mare, non dimenticate portare i farmaci e i rimedi contro il mal di mare (cerotti transdermici). Portate anche qualche indumento caldo per la sera e giacca impermeabile nel caso del maltempo.<\/p>\n<h3>Quali luoghi d\u2019interesse dovrei visitare?<\/h3>\n<p>Se siete in Croazia per la prima volta o non sapete quali siano i luoghi d\u2019interesse, saremo lieti di suggerirvi delle rotte e fornirvi informazioni ulteriori sulle localit\u00e0 turistiche, spiagge e luoghi storico-culturali.<\/p>\n<h3>La biancheria e le dotazioni di cucina vengono fornite a bordo?<\/h3>\n<p>Gli asciugamani generalmente non sono forniti a bordo ma sono disponibili su richiesta ed al costo aggiuntivo. Il prezzo del noleggio non comprende i teli mare (gli asciugamani da spiaggia) perci\u00f2 vi consigliamo di portarli con se. La cucina a bordo \u00e8 dotata di tutti gli attrezzi necessari, le posate, il fornello, il forno, il frigorifero e il lavello. Lo strofinaccio ed i prodotti per pulizia non sono forniti a bordo ma si possono facilmente acquistare nei negozi di alimentari in marina. Biancheria da letto \u00e8 fornita a bordo e comprende le lenzuola, la coperta ed i cuscini.<\/p>\n<h3>Dove possiamo comprare il cibo? Dove si pu\u00f2 fare la cambusa?<\/h3>\n<p>Potete fare la spesa in uno dei supermercati in marina o in negozi vicino a marina.<\/p>\n<h3>Sar\u00e0 possibile ordinare in anticipo gli alimentari generali?\u00a0<strong>\u00a0\u00a0 <\/strong><\/h3>\n<p>S\u00ec, potete inviarci un elenco degli alimentari e il nostro charter personale comprer\u00e0 per voi il cibo e le bibite poco prima del vostro arrivo a bordo.<\/p>\n<h3>Si possono portare bambini in vacanza in barca?<\/h3>\n<p>Certo ma sarebbe saggio di essere prudenti. Per esempio, \u00e8 sempre meglio noleggiare un catamarano se avete i bambini a bordo, perch\u00e9 i catamarani sono generalmente pi\u00f9 stabili e spaziosi. Se decidete di noleggiare una barca a motore, vi consigliamo la barca a motore con fly bridge invece di open top.\u00a0 Potete sempre ordinare le reti di sicurezza e le cinture di salvataggio per i bambini come una precauzione aggiuntiva, per\u00f2 notate bene che questi sono i servizi facoltativi che vengono pagati extra e devono essere richiesti in anticipo. Questo \u00e8 molto importante perch\u00e9 l\u2019allestimento delle reti di sicurezza richiedono abbastanza tempo e non vorremo che aspettaste in marina pi\u00f9 di quanto \u00e8 necessario. Dovremo anche sapere l\u2019et\u00e0 dei bambini per poter fornire gli adeguati giubbotti di salvataggio. Sarebbe ancora sensato di scegliere la cabina pi\u00f9 sicura al bordo per i vostri bambini (per esempio, la cabina di prua) e assicuratevi che siano sempre vigilati dagli adulti.<\/p>\n<h3>\u00c8 possibile effettuare un cambiamento solo per singole persone di una prenotazione?<strong><br \/>\n<\/strong><\/h3>\n<p>S\u00ec, \u00e8 possibile fare i cambiamenti nella lista di passeggeri, comunque, siete pregati di consultarci in anticipo rispetto tali cambiamenti per poter fare una modifica alla documentazione. Durante la procedura del check-in, la societ\u00e0 di charter vi fornir\u00e0 una lista di passeggeri che comprender\u00e0 tutte le informazioni rilevanti su ogni passeggero, entrambi prima e dopo i cambiamenti. Gli ospiti saranno richiesti di tenere questo documento sempre a bordo con loro nel caso dell\u2019ispezione dalle autorit\u00e0 portuali. Nel caso che effettuate il cambiamento per singole persone durante il periodo della vostra crociera senza avvisare la societ\u00e0 di charter prima, gli ospiti sono obbligati di contattare la societ\u00e0 di charter ed avvisarla dei cambiamenti. La societ\u00e0 di charter poi vi invier\u00e0 la nuova lista di passeggeri via e-mail o fax ovunque che siate.<\/p>\n<h3>C\u2019\u00e8 una polizza assicurativa per l\u2019equipaggio e la barca?<\/h3>\n<p>S\u00ec, tutte le imbarcazioni nella nostra offerta e l\u2019equipaggio sono assicurati contro eventuali danni o incidenti.<\/p>\n<h3>Che cosa \u00e8 il deposito cauzionale?<\/h3>\n<p>Con l\u2019eccezione del noleggio barche con l\u2019equipaggio al completo, sarete pregati di lasciare un deposito cauzionale per coprire gli eventuali danni accidentali causati da voi. Il deposito cauzionale varia a seconda delle dimensioni dell\u2019imbarcazione e viene lasciato alla societ\u00e0 di charter all\u2019arrivo in marina, lasciando il numero della carta di credito o in contanti. Il deposito cauzionale viene annullato una volta che la barca \u00e8 stata ispezionata al vostro ritorno. In caso di perdita o di danno all\u2019attrezzatura o all\u2019imbarcazione, sarete considerati responsabili per il danno e la cauzione sar\u00e0 trattata come la somma corrispondente alla riparazione del danno o all\u2019acquisto del materiale perso. In altre parole, il deposito cauzionale \u00e8 la somma massima che dovrete versare per gli eventuali danni causati da voi o terze parti, il restante sar\u00e0 restituito dalla compagnia di assicurazioni. Il deposito vi sar\u00e0 restituito se l\u2019imbarcazione viene restituita senza danni all\u2019imbarcazione o alla sua attrezzatura. Nel caso del furto delle dotazioni e le attrezzature a bordo (fuoribordo, gommone), dovrete effettuare la denuncia alla polizia. Alcune imbarcazioni hanno l\u2019opzione dell\u2019assicurazione sulla cauzione. Il costo di questa assicurazione varia in base alla compagnia di assicurazioni ma potete supporre che il costo medio sar\u00e0 tra 7 e 12 per cento del deposito cauzionale della barca che volete noleggiare. Il costo di tale assicurazione sar\u00e0 aggiunta al prezzo totale del noleggio.<\/p>\n<h3>Che cosa \u00e8 APA?<\/h3>\n<p>L&#8217;APA o la cosiddetta cassa di bordo \u00e8 la somma di denaro che viene anticipata per coprire alcuni dei costi aggiuntivi del noleggio e che non sono inclusi nel prezzo del noleggio, come per esempio il vitto, il carburante, i costi portuali o del marina e altri costi svariati. Questa somma \u00e8 equivalente al 30% del valore del contratto di noleggio e viene versato al capitano prima dell\u2019inizio del noleggio. Alla fine del charter, il capitano render\u00e0 disponibile il resoconto delle spese con scontrini e se la somma eccede quella precedentemente versata, dovrete rimborsare la differenza durante la procedura del check-out. Il qualsiasi fondo non utilizzato sar\u00e0 restituito direttamente agli ospiti.<\/p>\n<h3>Quale valuta viene usata in Croazia?<\/h3>\n<p>Per favore notate che la valuta officiale in Croazia \u00e8 Kuna. In certe occasioni \u00e8 possibile pagare l\u2019ormeggio in Euro ma questo dipende dal marina e tende di essere piuttosto l\u2019eccezione pi\u00f9 che una regola.\u00a0 Potete anche pagare con le carte di credito in supermercati, negozi e ristoranti ma non ovunque e perci\u00f2 e consigliabile di portare con s\u00e9 denaro contante.<\/p>\n<h3>Ci vuole il permesso per l\u2019immersione subacquea?<\/h3>\n<p>L\u2019immersione subacquea \u00e8 severamente vietata senza la licenza. Dovete avere una carta d&#8217;immersione rilasciata dall\u2019associazione subacquea croata. Questa licenza si pu\u00f2 ottenere se si dispone di una licenza d&#8217;immersione delle societ\u00e0 internazionali come IDD, UDI, CMAS, MDEA, PADI, ecc.<\/p>\n<h3>Devo essere in possesso della patente di pesca?<\/h3>\n<p>Se durante le vostre vacanze in barca desiderate praticare attivit\u00e0 di pesca, \u00e8 importante di sapere che la legge croata richiede di possedere la licenza di pesca rilasciata dal Ministero dell\u2019agricoltura e delle foreste. La patente \u00e8 ottenibile presso gli enti autorizzati ovvero numerose societ\u00e0 sportive di pesca lungo la costa adriatica. Queste societ\u00e0 sportive sono autorizzate per il rilascio della patente nautica agli stranieri. Per ottenere la licenza di pesca \u00e8 necessario mostrare la carta d\u2019identit\u00e0 o il passaporto e se siete gi\u00e0 il membro della societ\u00e0 sportiva in vostro paese, potete portare con s\u00e9 la vostra tessera per ridurre la tassa. Quando riuscite ad ottenere la patente di pesca, riceverete l\u2019elenco delle aree protette dove la pesca \u00e8 vietata insieme all\u2019elenco dell\u2019attrezzo o apparecchi da pesca consentiti. Per favore notate che la pesca \u00e8 vietata nella zona dei parchi nazionali e parchi naturali.<\/p>\n<h3>Dove posso ottenere previsioni del tempo?<\/h3>\n<p>\u00c8 possibile ottenere previsioni del tempo alla portineria di ogni marina in Croazia. Naturalmente, potete anche contattare la base e durante i mesi estivi \u00e8 possibile seguire le previsioni trasmesse pi\u00f9 volte al giorno sui canali VHF.<\/p>\n<h3>Posso prendere piccoli elettrodomestici a bordo?<\/h3>\n<p>S\u00ec, potete prendere piccoli elettrodomestici a bordo, specialmente quando siete in marina. Comunque, le barche hanno soltanto la connessione con la rete elettrica costiera, perci\u00f2 solo le barche con il generatore sono in grado di fornire la connessione elettrica tutto il tempo. Per favore notate che la tensione di energia elettrica \u00e8 di 220 volt.<\/p>\n<h3>Posso ricaricare il mio cellulare a bordo?<\/h3>\n<p>Il cellulare pu\u00f2 essere utilizzato a bordo con la presa 220 V mentre siete in marina. In caso contrario, \u00e8 possibile utilizzare il caricabatteria del telefono veicolare che pu\u00f2 essere collegato all\u2019accendisigari 12 V che si trova a bordo.<\/p>\n<h3>Ci sono i segnali per il cellulare al mare aperto?<\/h3>\n<p>Il segnale per il cellulare \u00e8 disponibile nella maggior parte del mare Adriatico.<\/p>\n<h3>Bisogna lasciare la mancia al personale di bordo?<\/h3>\n<p>Lasciare la mancia al personale di bordo \u00e8 la prassi consueta, specialmente se il personale ha migliorato la vostra esperienza in barca. Il modo pi\u00f9 discreto di farlo \u00e8 di mettere la mancia in una busta indirizzata al personale di bordo e lasciarlo sul tavolo alla fine del charter oppure dare la busta al capitano.<\/p>\n<h3>Perch\u00e9 c\u2019\u00e8 solo il massimo di 12 persone permesso a bordo?<\/h3>\n<p>Secondo la legge marittima internazionale, ognuna imbarcazione che porta pi\u00f9 di 12 persone a bordo, incluso gli yacht privati, viene considerata una nave passeggeri e perci\u00f2 deve assecondare alla convenzione SOLAS. La convenzione SOLAS implica aderire a una serie di standard di sicurezza molto precisi e che sono molto costosi per eseguire, risultando in un prezzo di noleggio elevato, indipendentemente dal numero dei passeggeri a bordo.\u00a0 Per fortuna, abbiamo un\u2019ottima selezione delle imbarcazioni adibite alle esigenze dei charter gruppi pi\u00f9 numerosi.<\/p>\n<h3>Quali documenti sono necessari per entrare in Croazia?<\/h3>\n<p>Il tipo di documenti personali che uno deve avere per entrare in Croazia varia da visitatore a visitatore per\u00f2 i cittadini stranieri dovrebbero avere la carta d\u2019identit\u00e0 valida per l\u2019espatrio o il passaporto. Per far conoscere meglio le regolazioni doganali, siete pregati di visitare lo sito seguente www.croatia.hr. Questo sito fornisce i link molto utili, gli indirizzi e i numeri di telefono di tutte le istituzioni importanti.<\/p>\n<p>Dove posso ottenere informazioni sui voli e traghetti?<\/p>\n<p>Le informazioni su voli e traghetti potete ottenere qui:<\/p>\n<p>Croatia Airlines<\/p>\n<p>www.croatiaairlines.com<\/p>\n<p>Ferries information:<\/p>\n<p>Jadrolinija \u2013 www.jadrolinija.hr<\/p>\n<p>SNAV \u2013 www.snav.it<\/p>\n<h3>E se ho delle domande aggiuntive?<\/h3>\n<p>Se avete delle domande aggiuntive, potete contattarci in qualunque momento e saremo lieti di prestare l\u2019assistenza.<\/p>\n","protected":false},"excerpt":{"rendered":"<p>Domande Frequenti<\/p>\n","protected":false},"author":3,"featured_media":43841,"parent":0,"menu_order":19,"comment_status":"open","ping_status":"open","template":"","meta":{"_acf_changed":false,"footnotes":""},"class_list":["post-14676","page","type-page","status-publish","has-post-thumbnail","hentry"],"acf":[],"aioseo_notices":[],"_links":{"self":[{"href":"https:\/\/charter-in-croatia.com\/it\/wp-json\/wp\/v2\/pages\/14676","targetHints":{"allow":["GET"]}}],"collection":[{"href":"https:\/\/charter-in-croatia.com\/it\/wp-json\/wp\/v2\/pages"}],"about":[{"href":"https:\/\/charter-in-croatia.com\/it\/wp-json\/wp\/v2\/types\/page"}],"author":[{"embeddable":true,"href":"https:\/\/charter-in-croatia.com\/it\/wp-json\/wp\/v2\/users\/3"}],"replies":[{"embeddable":true,"href":"https:\/\/charter-in-croatia.com\/it\/wp-json\/wp\/v2\/comments?post=14676"}],"version-history":[{"count":0,"href":"https:\/\/charter-in-croatia.com\/it\/wp-json\/wp\/v2\/pages\/14676\/revisions"}],"wp:featuredmedia":[{"embeddable":true,"href":"https:\/\/charter-in-croatia.com\/it\/wp-json\/wp\/v2\/media\/43841"}],"wp:attachment":[{"href":"https:\/\/charter-in-croatia.com\/it\/wp-json\/wp\/v2\/media?parent=14676"}],"curies":[{"name":"wp","href":"https:\/\/api.w.org\/{rel}","templated":true}]}}