{"id":14712,"date":"2016-03-08T12:14:25","date_gmt":"2016-03-08T12:14:25","guid":{"rendered":"http:\/\/www.charter-in-croatia.com\/it\/privacy-statement\/"},"modified":"2026-02-26T01:06:14","modified_gmt":"2026-02-26T01:06:14","slug":"dichiarazione-sulla-tutela-della-privacy","status":"publish","type":"page","link":"https:\/\/charter-in-croatia.com\/it\/dichiarazione-sulla-tutela-della-privacy\/","title":{"rendered":"Dichiarazione sulla tutela della privacy"},"content":{"rendered":"<p>Conviva Maris d.o.o. (in seguito l&#8217;azienda) attribuisce molta importanza a Sua privacy. L&#8217;azienda ha completamente implementato il regolamento UE 2016\/679 (l&#8217;ormai noto come GDPR o General Data Protection Regulation), la legge di Unione Europea.<br \/>\nLa preghiamo quindi di leggere attentamente la tutela di privacy per informarsi sui modi come vengono raccolti, evaluati ed archiviati i suoi dati personali che vengono comunicati nell&#8217;ambito di una richiesta di contatto (il modulo \u201eContattaci\u201c). Raccogliemo i diversi tipi di informazioni, incluso le informazioni riconducibili ad una determinata persona, cio\u00e8 i dati personali. Di seguito riportiamo una spiegazione dettagliata.<\/p>\n<p><strong>Quale informazioni fornisce l&#8217;azienda?<\/strong><br \/>\nI dati personali vengono raccolti nella misura in cui l\u2019utente li trasmetta volontariamente usando il nostro sito, nell&#8217;ambito di modulo di contatto ad esempio. Possiamo inoltre raccogliere i certi dati in connessione con il tipo di computer e informazioni tecniche sugli strumenti utilizzati per collegarsi con il sito come l\u2019indirizzo IP o altro gestore di servizi informatici. Per chiederne pi\u00f9 informazione, La preghiamo di leggere la sezione \u201cL&#8217;uso di cookie e altre technologie analoghe\u201c. Quando Lei usa i suddetti moduli, raccoglieremo i certi dati direttamente da Lei come per esempio il Suo nome e cognome, l&#8217;e-mail, l&#8217;indirizzo e il numero di telefono con il solito scopo di espletare determinate prestazioni di servizio.<\/p>\n<p><strong>Come usiamo le informazioni?<\/strong><br \/>\nCi riserviamo il diritto di usare i dati forniti direttamente da Lei volontariamente per rispondere a Sua richiesta rispetto certi prodotti, servizi o \u201eContattaci\u201c moduli. Possiamo anzi raccogliere ed usare i dati per gestire e migliorare il funzionamento del sito oppure estrarne statistiche per lo scopo di attivit\u00e0 marketing; cio\u00e8 per constatare quale parti del sito siano pi\u00f9 cliccate dagli utenti.<br \/>\nQuando Lei usa i nostri servizi, usiamo i suoi dati personali per seguenti scopi:<br \/>\n&#8211; Per rispondere a Sua richiesta rispetto a certo prodotto. Per esempio, quando Lei ci comunica nell&#8217;ambito di una richiesta di contatto, l&#8217;azienda raccoglie i dati personali per continuare la comunicazione allo scopo di collaborazione commerciale.<br \/>\n&#8211; Per rispondere a Sua richiesta inviata via il modulo \u201eContattaci\u201c<br \/>\n&#8211; Quando l&#8217;utente visita il nostro sito e clicca su certo link, vengono raccolti i dati non personali che servono per analizzare il modo in cui viene utilizzato il sito e per monitorare la ricerca interna del sito (strumenti Google Analytics)<\/p>\n<p><strong>La collaborazione con terze parti<\/strong><br \/>\nI dati personali degli utenti non saranno mai divulgati, commercializzati o licenzierati\u00a0 a terze parti. I nostri impiegati non hanno nessun diritto di usare i dati personali raccolti allo scopo di una collaborazione tra l&#8217;utente e l&#8217;azienda.<br \/>\nAnche se non sia molto probabile, a volte potrebbe esserci richiesto di divulgare le Sue informazioni per motivi di natura legale ossia di rispettare richieste avanzate dalle forze dell&#8217;ordine. In tale caso, l&#8217;azienda far\u00e0 tutto il possibile per assicurare che tale richieste siano in conformit\u00e0 con quanto previsto dalla legge.<\/p>\n<p><strong>La sicurezza e privacy<\/strong><br \/>\nL&#8217;azienda si affida a procedure apposite per impedire accessi non autorizzati ai dati personali, oltre al loro uso improprio. Utilizziamo appositi sistemi e procedure di sicurezza per salvaguardare i dati personali degli utenti. Ci affidiamo anche a procedure di sicurezza e a restrizioni tecniche, organizzative e fisiche al fine di impedire l&#8217;accesso e l&#8217;utilizzo dei dati personali contenuti nei nostri server.<\/p>\n<p><strong>Cookie ed altre technologie analoghe<\/strong><br \/>\nI dati ottenuti da cookie ci aiutano a capire come gli utenti utilizzano il nostro sito per migliorare la qualit\u00e0 dei contenuti sul sito e per rendere l\u2019esperienza di navigazione pi\u00f9 facile ed intuitiva. I cookie opzionali includono i cookie di Google Analytics (il cui scopo \u00e8 l&#8217;analisi e il monitoraggio del traffico web e delle informazioni sull&#8217;utilizzo del sito dalla parte degli utenti, messi a disposizione all&#8217;azienda come dati statistici in una forma anonima), poi i cookie dei siti di social media (come per esempio Facebook) che rendono possibile per l&#8217;utente di condividere un certo contenuto sui siti di social media usando il proprio profilo social.<\/p>\n<div class=\"cky-audit-table-element\"><\/div>\n<p>Quando visita un sito web per la prima volta, ricever\u00e0 un messaggio di avviso prima di accettare un cookie dai siti Web visitati.<br \/>\nContinuando ad usare questo sito, accettate l&#8217;uso dei cookie. L\u2019utente pu\u00f2 scegliere di impostare il proprio browser web in modo tale da rifiutare i cookies, o da avvisare l\u2019utente quando i cookies vengono inviati. In tal caso, tuttavia, la funzionalit\u00e0 del nostro sito web potrebbe essere limitata e l&#8217;azienda declina ogni responsabilit\u00e0 nel caso che alcune parti del sito non funzionino correttamente a causa di rifiuto di cookies.<br \/>\nCiascun browser presenta procedure diverse per la gestione delle impostazioni.<br \/>\nFa clic su uno dei collegamenti sottostanti per ottenere istruzioni specifiche.<br \/>\n<a href=\"https:\/\/support.mozilla.org\/it\/kb\/Navigazione%20anonima\">Mozilla Firefox<\/a>, <a href=\"https:\/\/support.google.com\/chrome\/answer\/95647?co=GENIE.Platform%3DDesktop&amp;hl=it\">Google Chrome<\/a>, <a href=\"https:\/\/support.microsoft.com\/it-it\/help\/17479\/windows-internet-explorer-11-change-security-privacy-settings\">Internet Explorer<\/a>, <a href=\"https:\/\/support.apple.com\/kb\/PH21411?locale=el_GR&amp;viewlocale=it_IT\">Safari<\/a><br \/>\nUsando questi siti web, sar\u00e0 affermato che gli utenti conoscono bene e sono d&#8217;accordo con le condizioni d&#8217;uso, incluso le regolative sulla tutela e sicurezza dei dati personali e le possibilit\u00e0 rispetto all&#8217;uso di cookies.<\/p>\n<p><strong>Quali sono le mie opzioni?<\/strong><br \/>\nPu\u00f2 decidere di rifiutare ogni accesso ai suoi dati personali. Tenga conto che certe informazioni sono proprio necessarie per poter ricevere un feedback rispetto a certi servizi o prodotti e per poter rispondere a Sua richiesta nell&#8217;ambito di modulo di contatto.<\/p>\n<p><strong>L&#8217;accesso e l&#8217;aggiornamento dei Suoi dati personali<\/strong><br \/>\nPer ottenere l&#8217;accesso ai Suoi dati personali, verificarne l&#8217;esattezza o chiederne l&#8217;aggiornamento, La invitiamo di contattarci all&#8217;indirizzo: booking@charter-in-croatia.com. L&#8217;azienda far\u00e0 tutto il possibile per fornirle le informazioni richieste nel periodo di 30 giorni da Sua richiesta e se necessario, aggiornare, modificare o cancellare completamente i suoi dati dal nostro archivio. Nel caso che non siamo in grado di rispondere a Sua richiesta nel periodo di 30 giorni, sarete notificati quando sar\u00e0 possibile di accedere ai Suoi dati personali. Anche se poco probabile, se non siamo in grado di consentire l&#8217;accesso a Suoi dati personali, sarete notificati per quale motivo non siamo in grado farlo.<\/p>\n<p><strong>Eventuali domande rispetto la tutela di privacy<\/strong><br \/>\nSe Lei ha delle domande o eventuale obiezione su questa tutela, potr\u00e0 contattarci all&#8217;indirizzo: booking@charter-in-croatia.com. Ogni richiesta o obiezione rispetto la tutela dei dati personali sar\u00e0 evidenziata ed indaganata e gli scopi dell&#8217;indagine saranno messi a Sua disposizione. Nel caso che l&#8217;obiezione sia giustificata, saranno prese misure adeguate.<\/p>\n<p>&nbsp;<\/p>\n<p><strong><em>Sadr\u017eaj na ovim Stranicama vlasni\u0161tvo je tvrtke vlasnika stranice i\/ili odgovaraju\u0107ih autora\/vlasnika sadr\u017eaja.<\/em><\/strong><br \/>\n<strong><em>Sav sadr\u017eaj je za\u0161ti\u0107en autorskim pravima i svaka neovla\u0161tena uporaba bilo kojeg materijala na ovim Stranicama predstavlja povredu zakona o autorskim pravima.<\/em><\/strong><\/p>\n","protected":false},"excerpt":{"rendered":"<p>Conviva Maris d.o.o. (in seguito l&#8217;azienda) attribuisce molta importanza a Sua privacy. L&#8217;azienda ha completamente implementato il regolamento UE 2016\/679 (l&#8217;ormai noto come GDPR o General Data Protection Regulation), la legge di Unione Europea. La preghiamo quindi di &hellip;<\/p>\n","protected":false},"author":3,"featured_media":0,"parent":0,"menu_order":22,"comment_status":"closed","ping_status":"closed","template":"","meta":{"_acf_changed":false,"footnotes":""},"class_list":["post-14712","page","type-page","status-publish","hentry"],"acf":[],"aioseo_notices":[],"_links":{"self":[{"href":"https:\/\/charter-in-croatia.com\/it\/wp-json\/wp\/v2\/pages\/14712","targetHints":{"allow":["GET"]}}],"collection":[{"href":"https:\/\/charter-in-croatia.com\/it\/wp-json\/wp\/v2\/pages"}],"about":[{"href":"https:\/\/charter-in-croatia.com\/it\/wp-json\/wp\/v2\/types\/page"}],"author":[{"embeddable":true,"href":"https:\/\/charter-in-croatia.com\/it\/wp-json\/wp\/v2\/users\/3"}],"replies":[{"embeddable":true,"href":"https:\/\/charter-in-croatia.com\/it\/wp-json\/wp\/v2\/comments?post=14712"}],"version-history":[{"count":0,"href":"https:\/\/charter-in-croatia.com\/it\/wp-json\/wp\/v2\/pages\/14712\/revisions"}],"wp:attachment":[{"href":"https:\/\/charter-in-croatia.com\/it\/wp-json\/wp\/v2\/media?parent=14712"}],"curies":[{"name":"wp","href":"https:\/\/api.w.org\/{rel}","templated":true}]}}