{"id":14716,"date":"2015-02-04T07:01:36","date_gmt":"2015-02-04T07:01:36","guid":{"rendered":"http:\/\/www.charter-in-croatia.com\/it\/blue\/"},"modified":"2016-05-09T17:12:13","modified_gmt":"2016-05-09T17:12:13","slug":"noleggio-barche-croazia","status":"publish","type":"page","link":"https:\/\/charter-in-croatia.com\/it\/noleggio-barche-croazia\/","title":{"rendered":"Noleggio barche Croazia"},"content":{"rendered":"<p><strong>Caicco Croazia<\/strong> &#8211; Noleggio caicco Croazia \u00e8 la scelta ideale per godere una vacanza in barca e crociera esclusiva in Croazia. Dai caicchi di lusso alle vacanze ai prezzi pi\u00f9 economici, la nostra offerta dei caicchi a noleggio in Croazia include caicchi da crociera accuratamente selezionati. Charter caicco in Croazia vi d\u00e0 l\u2019opportunit\u00e0 di scegliere tra caicchi da 3 fino a 8 cabine, adatti a vostre esigenze personali. Affitto di un caicco in Croazia \u00e8 possibile da vari porti come per esempio Spalato, Dubrovnik, Trogir, Zara. Potete anche scegliere noleggio caicchi sola andata oppure one-way charter. Vacanza in caicco in Croazia comprende l\u2019equipaggio attento e professionista, il cuoco personale che vi preparer\u00e0 i piatti gustosi, gli itinerari interessanti e un alto livello di privacy durante la vostra crociera in Adriatico.<\/p>\n<p><strong>Velieri a noleggio e mini crociere in Croazia<\/strong> sono adatte a tutti che desiderano trascorrere una vacanza esplorando l\u2019affascinante costa croata e tantissime isole in Croazia. Velieri e barche a motore sono noti per i suoi ponti spaziosi, eccellente cucina mediterranea e l\u2019esperto equipaggio, diventando imbarcazioni ideali per una vacanza in barca con i gruppi pi\u00f9 numerosi e le crociere one-way. La nostra selezione di velieri e barche a motore a noleggio e crociera in Croazia vi d\u00e0 l\u2019opportunit\u00e0 di noleggiare diversi imbarcazioni, da barche a motore di lusso e velieri di lusso fino alle imbarcazioni ai prezzi economici.<\/p>\n<p><strong>Noleggio alla cabina<\/strong> si riferisce agli imbarchi individuali, senza la necessit\u00e0 di noleggiare l\u2019intera barca. Cabin charter \u00e8 perfetto per le crociere individuali lungo la costa croata e per piccoli gruppi o coppie che desiderano scoprire le magnifiche isole in mare adriatico. I percorsi e gli itinerari di questo tipo di crociera vi danno l\u2019accesso alle mete turistiche pi\u00f9 interessanti in Croazia. Noi offriamo una vasta gamma di imbarcazioni per cabin charter, dai caicchi a noleggio, imbarcazioni tradizionali di legno fino ai velieri e barche a motore di lusso.<\/p>\n<p><strong>Noleggio catamarani Croazia<\/strong> &#8211; catamarani sono tra le imbarcazioni pi\u00f9 popolari per le crociere in Croazia. Affitto catamarano \u00e8 la scelta confortevole sia per noleggio barca senza equipaggio sia per noleggio barca con skipper. Se state cercando comfort e stabilit\u00e0 in navigazione, catamarani a vela e catamarani a motore sono la soluzione giusta per voi. I catamarani di lusso con equipaggio al completo uniscono servizio di alta qualit\u00e0 e tutte le dotazioni necessarie per avere una vacanza in barca. La nostra offerta di catamarani a noleggio in Croazia comprende diversi modelli come per esempio Lagoon, Nautitech, Fountaine Pajot e tanti altri. Con affitto catamarani potete vivere una vacanza in grande stile in Adriatico.<\/p>\n<p><strong>Noleggio barche a vela Croazia<\/strong> \u00e8 l\u2019 ottimo modo per esplorare la costa adriatica che racchiude splendide bellezze naturali. Noleggio imbarcazioni a vela vi d\u00e0 l\u2019opportunit\u00e0 di scegliere tra barche senza o con equipaggio, dipendendo dalle vostre preferenze personali e competenze nautiche. Le nostre barche a vela sono disponibili a noleggio da diversi porti croati come per esempio Spalato, Dubrovnik, lo zona intorno Zara, Incoronate, Pola. \u00c8 possibile noleggiare diversi modelli delle barche a vela, disegnati dai rinomati costruttori navali come Hanse, Elan, Bavaria e tanti altri.<\/p>\n<p><strong>Noleggio barche a motore<\/strong> &#8211; noleggio yacht Croazia \u00e8 ideale per tutti che preferiscono velocit\u00e0 e desiderano scoprire tante mete incredibili della costa adriatica. Noleggiare una barca a motore \u00e8 prima di tutto eccitante considerando che la nostra offerta comprende diversi modelli delle barche a motore a noleggio ma anche una vasta selezione di yacht a motore di lusso a noleggio in Croazia. Sia che preferite hard top, fly bridge o le barche a motore costruite su misura, i rinomati costruttori navali delle barche a motore come Sealine, Fairline ed altri si sono assicurati che aveste un\u2019ampia scelta di barche a motore per affitto in Croazia. Dalle barche a motore con o senza equipaggio fino alle barche a motore di lusso con equipaggio al completo, potete noleggiare la barca a motore in base al vostro gusto e godere al pieno l\u2019indimenticabile vacanza in barca in Croazia.<\/p>\n","protected":false},"excerpt":{"rendered":"<p>Caicco Croazia &#8211; Noleggio caicco Croazia \u00e8 la scelta ideale per godere una vacanza in barca e crociera esclusiva in Croazia. Dai caicchi di lusso alle vacanze ai prezzi pi\u00f9 economici, la nostra offerta dei caicchi a noleggio &hellip;<\/p>\n","protected":false},"author":3,"featured_media":0,"parent":0,"menu_order":48,"comment_status":"open","ping_status":"open","template":"","meta":{"_acf_changed":false,"footnotes":""},"class_list":["post-14716","page","type-page","status-publish","hentry"],"acf":[],"aioseo_notices":[],"_links":{"self":[{"href":"https:\/\/charter-in-croatia.com\/it\/wp-json\/wp\/v2\/pages\/14716","targetHints":{"allow":["GET"]}}],"collection":[{"href":"https:\/\/charter-in-croatia.com\/it\/wp-json\/wp\/v2\/pages"}],"about":[{"href":"https:\/\/charter-in-croatia.com\/it\/wp-json\/wp\/v2\/types\/page"}],"author":[{"embeddable":true,"href":"https:\/\/charter-in-croatia.com\/it\/wp-json\/wp\/v2\/users\/3"}],"replies":[{"embeddable":true,"href":"https:\/\/charter-in-croatia.com\/it\/wp-json\/wp\/v2\/comments?post=14716"}],"version-history":[{"count":0,"href":"https:\/\/charter-in-croatia.com\/it\/wp-json\/wp\/v2\/pages\/14716\/revisions"}],"wp:attachment":[{"href":"https:\/\/charter-in-croatia.com\/it\/wp-json\/wp\/v2\/media?parent=14716"}],"curies":[{"name":"wp","href":"https:\/\/api.w.org\/{rel}","templated":true}]}}